{"id":850,"date":"2021-03-12T12:11:18","date_gmt":"2021-03-12T15:11:18","guid":{"rendered":"https:\/\/entornoweb.cl\/cdigital\/irislab\/?page_id=850"},"modified":"2021-03-12T17:11:07","modified_gmt":"2021-03-12T20:11:07","slug":"irismem","status":"publish","type":"page","link":"https:\/\/www.irislab.cl\/irislab\/irismem\/","title":{"rendered":"IrisMem"},"content":{"rendered":"\t\t<div data-elementor-type=\"wp-page\" data-elementor-id=\"850\" class=\"elementor elementor-850\" data-elementor-settings=\"[]\">\n\t\t\t\t\t\t<div class=\"elementor-inner\">\n\t\t\t\t\t\t\t<div class=\"elementor-section-wrap\">\n\t\t\t\t\t\t\t<section class=\"elementor-section elementor-top-section elementor-element elementor-element-b380704 elementor-section-content-middle elementor-section-full_width elementor-section-height-default elementor-section-height-default\" data-id=\"b380704\" data-element_type=\"section\" id=\"inicio\" data-settings=\"{&quot;background_background&quot;:&quot;classic&quot;,&quot;shape_divider_bottom&quot;:&quot;triangle&quot;,&quot;shape_divider_bottom_negative&quot;:&quot;yes&quot;}\">\n\t\t\t\t\t<div class=\"elementor-shape elementor-shape-bottom\" data-negative=\"true\">\n\t\t\t<svg xmlns=\"http:\/\/www.w3.org\/2000\/svg\" viewBox=\"0 0 1000 100\" preserveAspectRatio=\"none\">\n\t<path class=\"elementor-shape-fill\" d=\"M500.2,94.7L0,0v100h1000V0L500.2,94.7z\"\/>\n<\/svg>\t\t<\/div>\n\t\t\t\t\t<div class=\"elementor-container elementor-column-gap-no\">\n\t\t\t\t\t\t\t<div class=\"elementor-row\">\n\t\t\t\t\t<div class=\"elementor-column elementor-col-100 elementor-top-column elementor-element elementor-element-bc48f70\" data-id=\"bc48f70\" data-element_type=\"column\">\n\t\t\t<div class=\"elementor-column-wrap elementor-element-populated\">\n\t\t\t\t\t\t\t<div class=\"elementor-widget-wrap\">\n\t\t\t\t\t\t<div class=\"elementor-element elementor-element-97822d3 elementor--v-position-bottom elementor--h-position-center elementor-arrows-position-inside elementor-widget elementor-widget-slides\" data-id=\"97822d3\" data-element_type=\"widget\" data-settings=\"{&quot;navigation&quot;:&quot;arrows&quot;,&quot;autoplay&quot;:&quot;yes&quot;,&quot;pause_on_hover&quot;:&quot;yes&quot;,&quot;pause_on_interaction&quot;:&quot;yes&quot;,&quot;autoplay_speed&quot;:5000,&quot;infinite&quot;:&quot;yes&quot;,&quot;transition&quot;:&quot;slide&quot;,&quot;transition_speed&quot;:500}\" data-widget_type=\"slides.default\">\n\t\t\t\t<div class=\"elementor-widget-container\">\n\t\t\t\t\t<div class=\"elementor-swiper\">\n\t\t\t<div class=\"elementor-slides-wrapper elementor-main-swiper swiper-container\" dir=\"ltr\" data-animation=\"fadeInUp\">\n\t\t\t\t<div class=\"swiper-wrapper elementor-slides\">\n\t\t\t\t\t<div class=\"elementor-repeater-item-5915e9b swiper-slide\"><div class=\"swiper-slide-bg\"><\/div><div class=\"elementor-background-overlay\"><\/div><div class=\"swiper-slide-inner\" ><div class=\"swiper-slide-contents\"><div class=\"elementor-slide-heading\">Medias M\u00f3viles<\/div><\/div><\/div><\/div>\t\t\t\t<\/div>\n\t\t\t\t\t\t\t<\/div>\n\t\t<\/div>\n\t\t\t\t<\/div>\n\t\t\t\t<\/div>\n\t\t\t\t\t\t<\/div>\n\t\t\t\t\t<\/div>\n\t\t<\/div>\n\t\t\t\t\t\t\t\t<\/div>\n\t\t\t\t\t<\/div>\n\t\t<\/section>\n\t\t\t\t<section class=\"elementor-section elementor-top-section elementor-element elementor-element-144c74b elementor-section-content-middle elementor-section-boxed elementor-section-height-default elementor-section-height-default\" data-id=\"144c74b\" data-element_type=\"section\" id=\"nosotros\" data-settings=\"{&quot;background_background&quot;:&quot;classic&quot;}\">\n\t\t\t\t\t\t\t<div class=\"elementor-background-overlay\"><\/div>\n\t\t\t\t\t\t\t<div class=\"elementor-container elementor-column-gap-no\">\n\t\t\t\t\t\t\t<div class=\"elementor-row\">\n\t\t\t\t\t<div class=\"elementor-column elementor-col-50 elementor-top-column elementor-element elementor-element-cd2e13d\" data-id=\"cd2e13d\" data-element_type=\"column\">\n\t\t\t<div class=\"elementor-column-wrap elementor-element-populated\">\n\t\t\t\t\t\t\t<div class=\"elementor-widget-wrap\">\n\t\t\t\t\t\t<div class=\"elementor-element elementor-element-a06ad3f elementor-widget elementor-widget-image\" data-id=\"a06ad3f\" data-element_type=\"widget\" data-settings=\"{&quot;motion_fx_motion_fx_mouse&quot;:&quot;yes&quot;,&quot;motion_fx_tilt_effect&quot;:&quot;yes&quot;,&quot;motion_fx_tilt_speed&quot;:{&quot;unit&quot;:&quot;px&quot;,&quot;size&quot;:0.4,&quot;sizes&quot;:[]}}\" data-widget_type=\"image.default\">\n\t\t\t\t<div class=\"elementor-widget-container\">\n\t\t\t\t\t<div class=\"elementor-image\">\n\t\t\t\t\t\t\t\t\t\t<img width=\"600\" height=\"700\" src=\"https:\/\/www.irislab.cl\/irislab\/wp-content\/uploads\/2021\/03\/business-people-analyzing-stock-market.jpg\" class=\"attachment-medium_large size-medium_large\" alt=\"\" loading=\"lazy\" srcset=\"https:\/\/www.irislab.cl\/irislab\/wp-content\/uploads\/2021\/03\/business-people-analyzing-stock-market.jpg 600w, https:\/\/www.irislab.cl\/irislab\/wp-content\/uploads\/2021\/03\/business-people-analyzing-stock-market-257x300.jpg 257w\" sizes=\"(max-width: 600px) 100vw, 600px\" \/>\t\t\t\t\t\t\t\t\t\t\t<\/div>\n\t\t\t\t<\/div>\n\t\t\t\t<\/div>\n\t\t\t\t\t\t<\/div>\n\t\t\t\t\t<\/div>\n\t\t<\/div>\n\t\t\t\t<div class=\"elementor-column elementor-col-50 elementor-top-column elementor-element elementor-element-9c7a07a\" data-id=\"9c7a07a\" data-element_type=\"column\" data-settings=\"{&quot;background_background&quot;:&quot;classic&quot;}\">\n\t\t\t<div class=\"elementor-column-wrap elementor-element-populated\">\n\t\t\t\t\t\t\t<div class=\"elementor-widget-wrap\">\n\t\t\t\t\t\t<section class=\"elementor-section elementor-inner-section elementor-element elementor-element-2a9cd69 elementor-section-boxed elementor-section-height-default elementor-section-height-default\" data-id=\"2a9cd69\" data-element_type=\"section\">\n\t\t\t\t\t\t<div class=\"elementor-container elementor-column-gap-default\">\n\t\t\t\t\t\t\t<div class=\"elementor-row\">\n\t\t\t\t\t<div class=\"elementor-column elementor-col-50 elementor-inner-column elementor-element elementor-element-4f727b0\" data-id=\"4f727b0\" data-element_type=\"column\">\n\t\t\t<div class=\"elementor-column-wrap elementor-element-populated\">\n\t\t\t\t\t\t\t<div class=\"elementor-widget-wrap\">\n\t\t\t\t\t\t<div class=\"elementor-element elementor-element-00cc24c elementor-widget elementor-widget-image\" data-id=\"00cc24c\" data-element_type=\"widget\" data-widget_type=\"image.default\">\n\t\t\t\t<div class=\"elementor-widget-container\">\n\t\t\t\t\t<div class=\"elementor-image\">\n\t\t\t\t\t\t\t\t\t\t<img width=\"205\" height=\"205\" src=\"https:\/\/www.irislab.cl\/irislab\/wp-content\/uploads\/2021\/03\/irislabMeM.png\" class=\"attachment-large size-large\" alt=\"\" loading=\"lazy\" srcset=\"https:\/\/www.irislab.cl\/irislab\/wp-content\/uploads\/2021\/03\/irislabMeM.png 205w, https:\/\/www.irislab.cl\/irislab\/wp-content\/uploads\/2021\/03\/irislabMeM-150x150.png 150w, https:\/\/www.irislab.cl\/irislab\/wp-content\/uploads\/2021\/03\/irislabMeM-100x100.png 100w\" sizes=\"(max-width: 205px) 100vw, 205px\" \/>\t\t\t\t\t\t\t\t\t\t\t<\/div>\n\t\t\t\t<\/div>\n\t\t\t\t<\/div>\n\t\t\t\t\t\t<\/div>\n\t\t\t\t\t<\/div>\n\t\t<\/div>\n\t\t\t\t<div class=\"elementor-column elementor-col-50 elementor-inner-column elementor-element elementor-element-96f9bdb\" data-id=\"96f9bdb\" data-element_type=\"column\">\n\t\t\t<div class=\"elementor-column-wrap elementor-element-populated\">\n\t\t\t\t\t\t\t<div class=\"elementor-widget-wrap\">\n\t\t\t\t\t\t<div class=\"elementor-element elementor-element-869f1ae elementor-widget elementor-widget-heading\" data-id=\"869f1ae\" data-element_type=\"widget\" data-widget_type=\"heading.default\">\n\t\t\t\t<div class=\"elementor-widget-container\">\n\t\t\t<h2 class=\"elementor-heading-title elementor-size-default\">IrisMeM<\/h2>\t\t<\/div>\n\t\t\t\t<\/div>\n\t\t\t\t\t\t<\/div>\n\t\t\t\t\t<\/div>\n\t\t<\/div>\n\t\t\t\t\t\t\t\t<\/div>\n\t\t\t\t\t<\/div>\n\t\t<\/section>\n\t\t\t\t<div class=\"elementor-element elementor-element-e66d0ad elementor-widget-divider--view-line elementor-widget elementor-widget-divider\" data-id=\"e66d0ad\" data-element_type=\"widget\" data-widget_type=\"divider.default\">\n\t\t\t\t<div class=\"elementor-widget-container\">\n\t\t\t\t\t<div class=\"elementor-divider\">\n\t\t\t<span class=\"elementor-divider-separator\">\n\t\t\t\t\t\t<\/span>\n\t\t<\/div>\n\t\t\t\t<\/div>\n\t\t\t\t<\/div>\n\t\t\t\t<div class=\"elementor-element elementor-element-3992c11 elementor-widget elementor-widget-text-editor\" data-id=\"3992c11\" data-element_type=\"widget\" data-widget_type=\"text-editor.default\">\n\t\t\t\t<div class=\"elementor-widget-container\">\n\t\t\t\t\t<div class=\"elementor-text-editor elementor-clearfix\"><p>Software dise\u00f1ado para detectar tempranamente a trav\u00e9s de m\u00e9todo de medias m\u00f3viles (MeM) tendencias en los resultados de los pacientes que pueden significar errores en sus tratamientos.<\/p><\/div>\n\t\t\t\t<\/div>\n\t\t\t\t<\/div>\n\t\t\t\t<div class=\"elementor-element elementor-element-0355f71 elementor-widget-divider--view-line elementor-widget elementor-widget-divider\" data-id=\"0355f71\" data-element_type=\"widget\" data-widget_type=\"divider.default\">\n\t\t\t\t<div class=\"elementor-widget-container\">\n\t\t\t\t\t<div class=\"elementor-divider\">\n\t\t\t<span class=\"elementor-divider-separator\">\n\t\t\t\t\t\t<\/span>\n\t\t<\/div>\n\t\t\t\t<\/div>\n\t\t\t\t<\/div>\n\t\t\t\t\t\t<\/div>\n\t\t\t\t\t<\/div>\n\t\t<\/div>\n\t\t\t\t\t\t\t\t<\/div>\n\t\t\t\t\t<\/div>\n\t\t<\/section>\n\t\t\t\t\t\t<\/div>\n\t\t\t\t\t\t<\/div>\n\t\t\t\t\t<\/div>\n\t\t","protected":false},"excerpt":{"rendered":"<p>Welcome to PointLab We\u2019ll Ensure You Always Get The Best Result. Lacinia in netus vel a, scelerisque mauris quis et, purus blandit sapien, pharetra, viverra volutpat risus non tortor, cras egestas et maecenas facilisi imperdiet quam fringilla dui mauris enim, nec arcu, interdum sit nisi est facilisi sodales viverra proin et. Make An Appointment Learn &hellip;<\/p>\n<p class=\"read-more\"> <a class=\"\" href=\"https:\/\/websitedemos.net\/diagnostics-lab-02\/\"> <span class=\"screen-reader-text\">Home<\/span> Read More &raquo;<\/a><\/p>\n","protected":false},"author":4,"featured_media":0,"parent":0,"menu_order":0,"comment_status":"closed","ping_status":"closed","template":"elementor_header_footer","meta":[],"yoast_head":"<!-- This site is optimized with the Yoast SEO plugin v15.0 - https:\/\/yoast.com\/wordpress\/plugins\/seo\/ -->\n<title>IrisMem - IrisLab<\/title>\n<meta name=\"robots\" content=\"index, follow, max-snippet:-1, max-image-preview:large, max-video-preview:-1\" \/>\n<link rel=\"canonical\" href=\"https:\/\/entornoweb.cl\/cdigital\/irislab\/irismem\/\" \/>\n<meta property=\"og:locale\" content=\"es_ES\" \/>\n<meta property=\"og:type\" content=\"article\" \/>\n<meta property=\"og:title\" content=\"IrisMem - IrisLab\" \/>\n<meta property=\"og:description\" content=\"Welcome to PointLab We\u2019ll Ensure You Always Get The Best Result. Lacinia in netus vel a, scelerisque mauris quis et, purus blandit sapien, pharetra, viverra volutpat risus non tortor, cras egestas et maecenas facilisi imperdiet quam fringilla dui mauris enim, nec arcu, interdum sit nisi est facilisi sodales viverra proin et. Make An Appointment Learn &hellip;  Home Read More &raquo;\" \/>\n<meta property=\"og:url\" content=\"https:\/\/entornoweb.cl\/cdigital\/irislab\/irismem\/\" \/>\n<meta property=\"og:site_name\" content=\"IrisLab\" \/>\n<meta property=\"article:modified_time\" content=\"2021-03-12T20:11:07+00:00\" \/>\n<meta property=\"og:image\" content=\"https:\/\/entornoweb.cl\/cdigital\/irislab\/wp-content\/uploads\/2021\/03\/business-people-analyzing-stock-market.jpg\" \/>\n<meta name=\"twitter:card\" content=\"summary_large_image\" \/>\n<script type=\"application\/ld+json\" class=\"yoast-schema-graph\">{\"@context\":\"https:\/\/schema.org\",\"@graph\":[{\"@type\":\"WebSite\",\"@id\":\"https:\/\/www.irislab.cl\/irislab\/#website\",\"url\":\"https:\/\/www.irislab.cl\/irislab\/\",\"name\":\"IrisLab\",\"description\":\"Software\",\"potentialAction\":[{\"@type\":\"SearchAction\",\"target\":\"https:\/\/www.irislab.cl\/irislab\/?s={search_term_string}\",\"query-input\":\"required name=search_term_string\"}],\"inLanguage\":\"es\"},{\"@type\":\"ImageObject\",\"@id\":\"https:\/\/entornoweb.cl\/cdigital\/irislab\/irismem\/#primaryimage\",\"inLanguage\":\"es\",\"url\":\"https:\/\/entornoweb.cl\/cdigital\/irislab\/wp-content\/uploads\/2021\/03\/business-people-analyzing-stock-market.jpg\"},{\"@type\":\"WebPage\",\"@id\":\"https:\/\/entornoweb.cl\/cdigital\/irislab\/irismem\/#webpage\",\"url\":\"https:\/\/entornoweb.cl\/cdigital\/irislab\/irismem\/\",\"name\":\"IrisMem - IrisLab\",\"isPartOf\":{\"@id\":\"https:\/\/www.irislab.cl\/irislab\/#website\"},\"primaryImageOfPage\":{\"@id\":\"https:\/\/entornoweb.cl\/cdigital\/irislab\/irismem\/#primaryimage\"},\"datePublished\":\"2021-03-12T15:11:18+00:00\",\"dateModified\":\"2021-03-12T20:11:07+00:00\",\"inLanguage\":\"es\",\"potentialAction\":[{\"@type\":\"ReadAction\",\"target\":[\"https:\/\/entornoweb.cl\/cdigital\/irislab\/irismem\/\"]}]}]}<\/script>\n<!-- \/ Yoast SEO plugin. -->","_links":{"self":[{"href":"https:\/\/www.irislab.cl\/irislab\/wp-json\/wp\/v2\/pages\/850"}],"collection":[{"href":"https:\/\/www.irislab.cl\/irislab\/wp-json\/wp\/v2\/pages"}],"about":[{"href":"https:\/\/www.irislab.cl\/irislab\/wp-json\/wp\/v2\/types\/page"}],"author":[{"embeddable":true,"href":"https:\/\/www.irislab.cl\/irislab\/wp-json\/wp\/v2\/users\/4"}],"replies":[{"embeddable":true,"href":"https:\/\/www.irislab.cl\/irislab\/wp-json\/wp\/v2\/comments?post=850"}],"version-history":[{"count":10,"href":"https:\/\/www.irislab.cl\/irislab\/wp-json\/wp\/v2\/pages\/850\/revisions"}],"predecessor-version":[{"id":898,"href":"https:\/\/www.irislab.cl\/irislab\/wp-json\/wp\/v2\/pages\/850\/revisions\/898"}],"wp:attachment":[{"href":"https:\/\/www.irislab.cl\/irislab\/wp-json\/wp\/v2\/media?parent=850"}],"curies":[{"name":"wp","href":"https:\/\/api.w.org\/{rel}","templated":true}]}}